{"id":19426,"date":"2015-12-02T08:01:19","date_gmt":"2015-12-02T08:01:19","guid":{"rendered":"https:\/\/www.unividamedicalcenters.com\/?page_id=19426"},"modified":"2024-08-05T18:11:39","modified_gmt":"2024-08-05T18:11:39","slug":"acerca-de-univida-medical-centers","status":"publish","type":"page","link":"https:\/\/staggingunivida.unividamedicalcenters.com\/es\/acerca-de-univida-medical-centers\/","title":{"rendered":"Acerca de UniVida Medical Centers"},"content":{"rendered":"<p><section id=\"bt_section69ece7810f750\"  class=\"boldSection btDivider topSmallSpaced bottomSmallSpaced btDarkSkin gutter inherit btAccentColorBackground\" style=\"background-color:#3071BF;\"><div class=\"port\"><div class=\"boldCell\"><div class=\"boldCellInner\"><div class=\"boldRow  \" ><div class=\"boldRowInner\"><div class=\"rowItem col-md-12 col-ms-12  btTextLeft animate animate-fadein animate-moveleft inherit\"  ><div class=\"rowItemContent\" ><h1 style=\"font-size: 35px;margin: 0 0 0px;\n    letter-spacing: 0;\"><span>Estamos comprometidos con ofrecer atenci\u00f3n m\u00e9dica de calidad.<\/span><\/h1><\/div><\/div><\/div><\/div><\/div><\/div><\/div><\/section><section id=\"bt_section69ece7810f8cf\"  class=\"boldSection topSemiSpaced gutter inherit\" ><div class=\"port\"><div class=\"boldCell\"><div class=\"boldCellInner\"><div class=\"boldRow  \" ><div class=\"boldRowInner\"><div class=\"rowItem col-md-12 col-ms-12  btTextLeft animate animate-fadein animate-moveright inherit\"  ><div class=\"rowItemContent\" ><div class=\"btClear btSeparator bottomSmallSpaced noBorder\" ><hr><\/div><header class=\"header btClear large btDash topDash  btAccentDash\" ><div class=\"btSuperTitle\">Lo que representamos<\/div><div class=\"dash\"><h2><span class=\"headline\">NUESTRA MISION<\/span><\/h2><\/div><\/header><\/div><\/div><\/div><\/div><div class=\"boldRow  \" ><div class=\"boldRowInner\"><div class=\"rowItem col-md-12 col-ms-12  btTextLeft animate animate-fadein inherit\"  ><div class=\"rowItemContent\" ><div class=\"servicesItem  btIcoAccentColorIcon btIcoMediumSizeIcon  \"><div class=\"sIcon\"><span class=\"btIco btIcoMediumSize btIcoDefaultType btIcoAccentColor\" ><span  data-ico-=\"&#038;#x;\" class=\"btIcoHolder\"><em><\/em><\/span><\/span><\/div><div class=\"sTxt\"><header class=\"header btClear small\" ><\/header><p>UniVida Medical Centers surgi\u00f3 de la necesidad de mejorar la calidad de la atenci\u00f3n m\u00e9dica en nuestra comunidad. Nuestra empresa se basa en brindar una atenci\u00f3n \u00f3ptima y personalizada al paciente. La excelencia en la atenci\u00f3n se logra mediante la colaboraci\u00f3n de los m\u00e9dicos m\u00e1s calificados de la comunidad, la prestaci\u00f3n de servicios de clase mundial, tecnolog\u00eda de vanguardia, educaci\u00f3n y enfoque en la atenci\u00f3n preventiva.<\/p><\/div><\/div><div class=\"btClear btSeparator bottomSemiSpaced noBorder\" ><hr><\/div><\/div><\/div><\/div><\/div><\/div><\/div><\/div><\/section><section id=\"bt_section69ece7810fb3d\"  class=\"boldSection topSemiSpaced gutter inherit\" ><div class=\"port\"><div class=\"boldCell\"><div class=\"boldCellInner\"><div class=\"boldRow  \" ><div class=\"boldRowInner\"><div class=\"rowItem col-md-12 col-ms-12  btTextLeft animate animate-fadein animate-moveright inherit\"  ><div class=\"rowItemContent\" ><div class=\"btClear btSeparator bottomSmallSpaced noBorder\" ><hr><\/div><header class=\"header btClear large btDash topDash  btAccentDash\" ><div class=\"dash\"><h2><span class=\"headline\">VALORES FUNDAMENTALES<\/span><\/h2><\/div><\/header><\/div><\/div><\/div><\/div><div class=\"boldRow  \" ><div class=\"boldRowInner\"><div class=\"rowItem col-md-12 col-ms-12  btTextLeft animate animate-fadein inherit\"  ><div class=\"rowItemContent\" ><div style=\"margin-left: 5%;\">\n  <label>M\u00e9dicos de alto rango<\/label><br>\n  <label>Servicios de clase mundial<\/label> <br>\n  <label>Atenci\u00f3n preventiva<\/label><br>\n  <label>Organizaci\u00f3n impulsada por la tecnolog\u00eda<\/label><br>\n <label> Educaci\u00f3n para la comunidad<\/label>\n<\/div><div class=\"btClear btSeparator bottomSemiSpaced noBorder\" ><hr><\/div><\/div><\/div><\/div><\/div><\/div><\/div><\/div><\/section><section id=\"bt_section69ece7810fce0\" data-parallax=\"0.1\" data-parallax-offset=\"0\" class=\"boldSection topSemiSpaced btDarkSkin gutter inherit btParallax btAccentColorBackground\" ><div class=\"port\"><div class=\"boldCell\"><div class=\"boldCellInner\"><div class=\"boldRow  \" ><div class=\"boldRowInner\"><div class=\"rowItem col-md-4 col-ms-12 btTextLeft animate animate-fadein animate-moveright btBottomVertical\"  ><div class=\"rowItemContent\" ><div class=\"bpgPhoto btTextCenter\"  style=\"margin-top: 1px; width: 75% !important;\"><div class=\"btImage\"><img decoding=\"async\" src=\"https:\/\/staggingunivida.unividamedicalcenters.com\/wp-content\/uploads\/2022\/10\/Orlando-Rodriguez-MD-without-background7.png\" alt=\"\" title=\"\"><\/div><\/div><\/div><\/div><div class=\"rowItem col-md-4 col-ms-12 btTextCenter animate animate-fadein inherit\"  ><div class=\"rowItemContent\" ><div class=\"btClear btSeparator bottomSpaced noBorder\" ><hr><\/div><div class=\"btCounterHolder \"><span class=\"btCounter animate\" data-digit-length=\"2\"><span class=\"onedigit p2 d4\" data-digit=\"4\"><span class=\"n0\">0<\/span><span class=\"n1\">1<\/span><span class=\"n2\">2<\/span><span class=\"n3\">3<\/span><span class=\"n4\">4<\/span><span class=\"n5\">5<\/span><span class=\"n6\">6<\/span><span class=\"n7\">7<\/span><span class=\"n8\">8<\/span><span class=\"n9\">9<\/span><span class=\"n0\">0<\/span><\/span><span class=\"onedigit p1 d4\" data-digit=\"4\"><span class=\"n0\">0<\/span><span class=\"n1\">1<\/span><span class=\"n2\">2<\/span><span class=\"n3\">3<\/span><span class=\"n4\">4<\/span><span class=\"n5\">5<\/span><span class=\"n6\">6<\/span><span class=\"n7\">7<\/span><span class=\"n8\">8<\/span><span class=\"n9\">9<\/span><span class=\"n0\">0<\/span><\/span><\/span><\/div><div class=\"btClear btSeparator topSmallSpaced noBorder\" ><hr><\/div><header class=\"header btClear medium  btNormalDash\" ><div class=\"dash\"><h3><span class=\"headline\">DOCTORES<\/span><\/h3><\/div><\/header><div class=\"btClear btSeparator bottomSemiSpaced noBorder\" ><hr><\/div><\/div><\/div><div class=\"rowItem col-md-4 col-ms-12 btTextCenter animate animate-fadein inherit\"  ><div class=\"rowItemContent\" ><div class=\"btClear btSeparator bottomSpaced noBorder\" ><hr><\/div><div class=\"btCounterHolder \"><span class=\"btCounter animate\" data-digit-length=\"2\"><span class=\"onedigit p2 d2\" data-digit=\"2\"><span class=\"n0\">0<\/span><span class=\"n1\">1<\/span><span class=\"n2\">2<\/span><span class=\"n3\">3<\/span><span class=\"n4\">4<\/span><span class=\"n5\">5<\/span><span class=\"n6\">6<\/span><span class=\"n7\">7<\/span><span class=\"n8\">8<\/span><span class=\"n9\">9<\/span><span class=\"n0\">0<\/span><\/span><span class=\"onedigit p1 d5\" data-digit=\"5\"><span class=\"n0\">0<\/span><span class=\"n1\">1<\/span><span class=\"n2\">2<\/span><span class=\"n3\">3<\/span><span class=\"n4\">4<\/span><span class=\"n5\">5<\/span><span class=\"n6\">6<\/span><span class=\"n7\">7<\/span><span class=\"n8\">8<\/span><span class=\"n9\">9<\/span><span class=\"n0\">0<\/span><\/span><\/span><\/div><div class=\"btClear btSeparator topSmallSpaced noBorder\" ><hr><\/div><header class=\"header btClear medium  btNormalDash\" ><div class=\"dash\"><h3><span class=\"headline\">CENTROS<\/span><\/h3><\/div><\/header><div class=\"btClear btSeparator bottomSemiSpaced noBorder\" ><hr><\/div><\/div><\/div><\/div><\/div><\/div><\/div><\/div><\/section><\/p>\n","protected":false},"excerpt":{"rendered":"","protected":false},"author":5,"featured_media":0,"parent":0,"menu_order":0,"comment_status":"closed","ping_status":"closed","template":"","meta":{"footnotes":""},"class_list":["post-19426","page","type-page","status-publish","hentry"],"yoast_head":"<!-- This site is optimized with the Yoast SEO Premium plugin v20.3 (Yoast SEO v27.2) - https:\/\/yoast.com\/product\/yoast-seo-premium-wordpress\/ -->\n<title>Acerca de UniVida Medical Centers - UniVida Medical Centers<\/title>\n<meta name=\"description\" content=\"UniVida Medical Center se compromete a brindar atenci\u00f3n de alta calidad, servicios integrales coordinados y prestaci\u00f3n de atenci\u00f3n compasiva.\" \/>\n<meta name=\"robots\" content=\"index, follow, max-snippet:-1, max-image-preview:large, max-video-preview:-1\" \/>\n<link rel=\"canonical\" href=\"https:\/\/staggingunivida.unividamedicalcenters.com\/es\/acerca-de-univida-medical-centers\/\" \/>\n<meta property=\"og:locale\" content=\"es_ES\" \/>\n<meta property=\"og:type\" content=\"article\" \/>\n<meta property=\"og:title\" content=\"Acerca de UniVida Medical Centers\" \/>\n<meta property=\"og:description\" content=\"UniVida Medical Center se compromete a brindar atenci\u00f3n de alta calidad, servicios integrales coordinados y prestaci\u00f3n de atenci\u00f3n compasiva.\" \/>\n<meta property=\"og:url\" content=\"https:\/\/staggingunivida.unividamedicalcenters.com\/es\/acerca-de-univida-medical-centers\/\" \/>\n<meta property=\"og:site_name\" content=\"UniVida Medical Centers\" \/>\n<meta property=\"article:modified_time\" content=\"2024-08-05T18:11:39+00:00\" \/>\n<meta name=\"twitter:card\" content=\"summary_large_image\" \/>\n<meta name=\"twitter:label1\" content=\"Tiempo de lectura\" \/>\n\t<meta name=\"twitter:data1\" content=\"2 minutos\" \/>\n<script type=\"application\/ld+json\" class=\"yoast-schema-graph\">{\"@context\":\"https:\/\/schema.org\",\"@graph\":[{\"@type\":\"WebPage\",\"@id\":\"https:\/\/staggingunivida.unividamedicalcenters.com\/es\/acerca-de-univida-medical-centers\/\",\"url\":\"https:\/\/staggingunivida.unividamedicalcenters.com\/es\/acerca-de-univida-medical-centers\/\",\"name\":\"Acerca de UniVida Medical Centers - UniVida Medical Centers\",\"isPartOf\":{\"@id\":\"https:\/\/staggingunivida.unividamedicalcenters.com\/es\/#website\"},\"datePublished\":\"2015-12-02T08:01:19+00:00\",\"dateModified\":\"2024-08-05T18:11:39+00:00\",\"description\":\"UniVida Medical Center se compromete a brindar atenci\u00f3n de alta calidad, servicios integrales coordinados y prestaci\u00f3n de atenci\u00f3n compasiva.\",\"breadcrumb\":{\"@id\":\"https:\/\/staggingunivida.unividamedicalcenters.com\/es\/acerca-de-univida-medical-centers\/#breadcrumb\"},\"inLanguage\":\"es\",\"potentialAction\":[{\"@type\":\"ReadAction\",\"target\":[\"https:\/\/staggingunivida.unividamedicalcenters.com\/es\/acerca-de-univida-medical-centers\/\"]}]},{\"@type\":\"BreadcrumbList\",\"@id\":\"https:\/\/staggingunivida.unividamedicalcenters.com\/es\/acerca-de-univida-medical-centers\/#breadcrumb\",\"itemListElement\":[{\"@type\":\"ListItem\",\"position\":1,\"name\":\"Home\",\"item\":\"https:\/\/staggingunivida.unividamedicalcenters.com\/es\/\"},{\"@type\":\"ListItem\",\"position\":2,\"name\":\"Acerca de UniVida Medical Centers\"}]},{\"@type\":\"WebSite\",\"@id\":\"https:\/\/staggingunivida.unividamedicalcenters.com\/es\/#website\",\"url\":\"https:\/\/staggingunivida.unividamedicalcenters.com\/es\/\",\"name\":\"UniVida Medical Centers\",\"description\":\"UniVida Medical Centers\",\"publisher\":{\"@id\":\"https:\/\/staggingunivida.unividamedicalcenters.com\/es\/#organization\"},\"potentialAction\":[{\"@type\":\"SearchAction\",\"target\":{\"@type\":\"EntryPoint\",\"urlTemplate\":\"https:\/\/staggingunivida.unividamedicalcenters.com\/es\/?s={search_term_string}\"},\"query-input\":{\"@type\":\"PropertyValueSpecification\",\"valueRequired\":true,\"valueName\":\"search_term_string\"}}],\"inLanguage\":\"es\"},{\"@type\":\"Organization\",\"@id\":\"https:\/\/staggingunivida.unividamedicalcenters.com\/es\/#organization\",\"name\":\"UniVida Medical Centers\",\"url\":\"https:\/\/staggingunivida.unividamedicalcenters.com\/es\/\",\"logo\":{\"@type\":\"ImageObject\",\"inLanguage\":\"es\",\"@id\":\"https:\/\/staggingunivida.unividamedicalcenters.com\/es\/#\/schema\/logo\/image\/\",\"url\":\"https:\/\/staggingunivida.unividamedicalcenters.com\/wp-content\/uploads\/2022\/09\/Univida_Logo_Email_Firma.png\",\"contentUrl\":\"https:\/\/staggingunivida.unividamedicalcenters.com\/wp-content\/uploads\/2022\/09\/Univida_Logo_Email_Firma.png\",\"width\":200,\"height\":46,\"caption\":\"UniVida Medical Centers\"},\"image\":{\"@id\":\"https:\/\/staggingunivida.unividamedicalcenters.com\/es\/#\/schema\/logo\/image\/\"}}]}<\/script>\n<!-- \/ Yoast SEO Premium plugin. -->","yoast_head_json":{"title":"Acerca de UniVida Medical Centers - UniVida Medical Centers","description":"UniVida Medical Center se compromete a brindar atenci\u00f3n de alta calidad, servicios integrales coordinados y prestaci\u00f3n de atenci\u00f3n compasiva.","robots":{"index":"index","follow":"follow","max-snippet":"max-snippet:-1","max-image-preview":"max-image-preview:large","max-video-preview":"max-video-preview:-1"},"canonical":"https:\/\/staggingunivida.unividamedicalcenters.com\/es\/acerca-de-univida-medical-centers\/","og_locale":"es_ES","og_type":"article","og_title":"Acerca de UniVida Medical Centers","og_description":"UniVida Medical Center se compromete a brindar atenci\u00f3n de alta calidad, servicios integrales coordinados y prestaci\u00f3n de atenci\u00f3n compasiva.","og_url":"https:\/\/staggingunivida.unividamedicalcenters.com\/es\/acerca-de-univida-medical-centers\/","og_site_name":"UniVida Medical Centers","article_modified_time":"2024-08-05T18:11:39+00:00","twitter_card":"summary_large_image","twitter_misc":{"Tiempo de lectura":"2 minutos"},"schema":{"@context":"https:\/\/schema.org","@graph":[{"@type":"WebPage","@id":"https:\/\/staggingunivida.unividamedicalcenters.com\/es\/acerca-de-univida-medical-centers\/","url":"https:\/\/staggingunivida.unividamedicalcenters.com\/es\/acerca-de-univida-medical-centers\/","name":"Acerca de UniVida Medical Centers - UniVida Medical Centers","isPartOf":{"@id":"https:\/\/staggingunivida.unividamedicalcenters.com\/es\/#website"},"datePublished":"2015-12-02T08:01:19+00:00","dateModified":"2024-08-05T18:11:39+00:00","description":"UniVida Medical Center se compromete a brindar atenci\u00f3n de alta calidad, servicios integrales coordinados y prestaci\u00f3n de atenci\u00f3n compasiva.","breadcrumb":{"@id":"https:\/\/staggingunivida.unividamedicalcenters.com\/es\/acerca-de-univida-medical-centers\/#breadcrumb"},"inLanguage":"es","potentialAction":[{"@type":"ReadAction","target":["https:\/\/staggingunivida.unividamedicalcenters.com\/es\/acerca-de-univida-medical-centers\/"]}]},{"@type":"BreadcrumbList","@id":"https:\/\/staggingunivida.unividamedicalcenters.com\/es\/acerca-de-univida-medical-centers\/#breadcrumb","itemListElement":[{"@type":"ListItem","position":1,"name":"Home","item":"https:\/\/staggingunivida.unividamedicalcenters.com\/es\/"},{"@type":"ListItem","position":2,"name":"Acerca de UniVida Medical Centers"}]},{"@type":"WebSite","@id":"https:\/\/staggingunivida.unividamedicalcenters.com\/es\/#website","url":"https:\/\/staggingunivida.unividamedicalcenters.com\/es\/","name":"UniVida Medical Centers","description":"UniVida Medical Centers","publisher":{"@id":"https:\/\/staggingunivida.unividamedicalcenters.com\/es\/#organization"},"potentialAction":[{"@type":"SearchAction","target":{"@type":"EntryPoint","urlTemplate":"https:\/\/staggingunivida.unividamedicalcenters.com\/es\/?s={search_term_string}"},"query-input":{"@type":"PropertyValueSpecification","valueRequired":true,"valueName":"search_term_string"}}],"inLanguage":"es"},{"@type":"Organization","@id":"https:\/\/staggingunivida.unividamedicalcenters.com\/es\/#organization","name":"UniVida Medical Centers","url":"https:\/\/staggingunivida.unividamedicalcenters.com\/es\/","logo":{"@type":"ImageObject","inLanguage":"es","@id":"https:\/\/staggingunivida.unividamedicalcenters.com\/es\/#\/schema\/logo\/image\/","url":"https:\/\/staggingunivida.unividamedicalcenters.com\/wp-content\/uploads\/2022\/09\/Univida_Logo_Email_Firma.png","contentUrl":"https:\/\/staggingunivida.unividamedicalcenters.com\/wp-content\/uploads\/2022\/09\/Univida_Logo_Email_Firma.png","width":200,"height":46,"caption":"UniVida Medical Centers"},"image":{"@id":"https:\/\/staggingunivida.unividamedicalcenters.com\/es\/#\/schema\/logo\/image\/"}}]}},"_links":{"self":[{"href":"https:\/\/staggingunivida.unividamedicalcenters.com\/es\/wp-json\/wp\/v2\/pages\/19426","targetHints":{"allow":["GET"]}}],"collection":[{"href":"https:\/\/staggingunivida.unividamedicalcenters.com\/es\/wp-json\/wp\/v2\/pages"}],"about":[{"href":"https:\/\/staggingunivida.unividamedicalcenters.com\/es\/wp-json\/wp\/v2\/types\/page"}],"author":[{"embeddable":true,"href":"https:\/\/staggingunivida.unividamedicalcenters.com\/es\/wp-json\/wp\/v2\/users\/5"}],"replies":[{"embeddable":true,"href":"https:\/\/staggingunivida.unividamedicalcenters.com\/es\/wp-json\/wp\/v2\/comments?post=19426"}],"version-history":[{"count":0,"href":"https:\/\/staggingunivida.unividamedicalcenters.com\/es\/wp-json\/wp\/v2\/pages\/19426\/revisions"}],"wp:attachment":[{"href":"https:\/\/staggingunivida.unividamedicalcenters.com\/es\/wp-json\/wp\/v2\/media?parent=19426"}],"curies":[{"name":"wp","href":"https:\/\/api.w.org\/{rel}","templated":true}]}}