{"id":19432,"date":"2021-01-08T21:00:14","date_gmt":"2021-01-08T21:00:14","guid":{"rendered":"https:\/\/www.unividamedicalcenters.com\/?page_id=19432"},"modified":"2024-08-05T18:16:53","modified_gmt":"2024-08-05T18:16:53","slug":"contactenos","status":"publish","type":"page","link":"https:\/\/staggingunivida.unividamedicalcenters.com\/es\/contactenos\/","title":{"rendered":"Cont\u00e1ctenos"},"content":{"rendered":"<p><section id=\"bt_section69ece48883123\"  class=\"boldSection btDivider topSmallSpaced bottomSmallSpaced btDarkSkin gutter inherit btAccentColorBackground\" style=\"background-color:#3071BF;\"><div class=\"port\"><div class=\"boldCell\"><div class=\"boldCellInner\"><div class=\"boldRow  \" ><div class=\"boldRowInner\"><div class=\"rowItem col-md-12 col-ms-12  btTextLeft animate animate-fadein animate-moveleft inherit\"  ><div class=\"rowItemContent\" ><h1 style=\"font-size: 35px;margin: 0 0 0px;\n    letter-spacing: 0;\"><span>Nos encantar\u00eda saber de usted. Aqu\u00ed est\u00e1 c\u00f3mo contactarnos.<\/span><\/h1><\/div><\/div><\/div><\/div><\/div><\/div><\/div><\/section><section id=\"bt_section69ece4888328b\"  class=\"boldSection topSpaced bottomSpaced gutter inherit\" ><div class=\"port\"><div class=\"boldCell\"><div class=\"boldCellInner\"><div class=\"boldRow  \" ><div class=\"boldRowInner\"><div class=\"rowItem col-md-12 col-ms-12  btTextLeft animate animate-fadein animate-moveleft inherit\"  ><div class=\"rowItemContent\" ><header class=\"header btClear medium btDash bottomDash  btAccentDash\" ><div class=\"dash\"><h3><span class=\"headline\">Para cualquier consulta, env\u00edenos un correo electr\u00f3nico utilizando el siguiente formulario.<\/span><\/h3><\/div><div class=\"btSubTitle\">UniVida Medical Center is here for you at any time. We are available to answer any questions or concerns you may have. <\/div><\/header><\/div><\/div><\/div><\/div><div class=\"boldRow  \" ><div class=\"boldRowInner\"><div class=\"rowItem col-md-8 col-ms-12 btTextLeft\"  ><div class=\"rowItemContent\" ><div class=\"btText\" >\n<div class=\"wpcf7 no-js\" id=\"wpcf7-f19436-o1\" lang=\"es-ES\" dir=\"ltr\">\n<div class=\"screen-reader-response\"><p role=\"status\" aria-live=\"polite\" aria-atomic=\"true\"><\/p> <ul><\/ul><\/div>\n<form action=\"\/es\/wp-json\/wp\/v2\/pages\/19432#wpcf7-f19436-o1\" method=\"post\" class=\"wpcf7-form init\" aria-label=\"Formulario de contacto\" novalidate=\"novalidate\" data-status=\"init\">\n<div style=\"display: none;\">\n<input type=\"hidden\" name=\"_wpcf7\" value=\"19436\" \/>\n<input type=\"hidden\" name=\"_wpcf7_version\" value=\"5.9.5\" \/>\n<input type=\"hidden\" name=\"_wpcf7_locale\" value=\"es_ES\" \/>\n<input type=\"hidden\" name=\"_wpcf7_unit_tag\" value=\"wpcf7-f19436-o1\" \/>\n<input type=\"hidden\" name=\"_wpcf7_container_post\" value=\"0\" \/>\n<input type=\"hidden\" name=\"_wpcf7_posted_data_hash\" value=\"\" \/>\n<input type=\"hidden\" name=\"_wpcf7_recaptcha_response\" value=\"\" \/>\n<\/div>\n<p><label> Nombre <label style=\"color: #ED1C23;\">*<\/label><br \/>\n<span class=\"wpcf7-form-control-wrap\" data-name=\"your-name\"><input size=\"40\" class=\"wpcf7-form-control wpcf7-text wpcf7-validates-as-required\" aria-required=\"true\" aria-invalid=\"false\" value=\"\" type=\"text\" name=\"your-name\" \/><\/span> <\/label>\n<\/p>\n<p><label> Correo <label style=\"color: #ED1C23;\"><\/label><br \/>\n<span class=\"wpcf7-form-control-wrap\" data-name=\"your-email\"><input size=\"40\" class=\"wpcf7-form-control wpcf7-email wpcf7-text wpcf7-validates-as-email\" aria-invalid=\"false\" value=\"\" type=\"email\" name=\"your-email\" \/><\/span><br \/>\n<\/label>\n<\/p>\n<p><label> Asunto<br \/>\n<span class=\"wpcf7-form-control-wrap\" data-name=\"contactUs\"><select class=\"wpcf7-form-control wpcf7-select wpcf7-validates-as-required\" id=\"subject\" aria-required=\"true\" aria-invalid=\"false\" name=\"contactUs\"><option value=\"Pregunta General\">Pregunta General<\/option><option value=\"Facturaci\u00f3n\">Facturaci\u00f3n<\/option><option value=\"Registro M\u00e9dico\">Registro M\u00e9dico<\/option><option value=\"Referencias\">Referencias<\/option><option value=\"Medicamentos\">Medicamentos<\/option><option value=\"Transporte\">Transporte<\/option><option value=\"Citas\">Citas<\/option><option value=\"Bienestar\">Bienestar<\/option><option value=\"Servicios Sociales\">Servicios Sociales<\/option><\/select><\/span><br \/>\n<\/label>\n<\/p>\n<p><label> Mensaje<br \/>\n<span class=\"wpcf7-form-control-wrap\" data-name=\"your-message\"><textarea cols=\"40\" rows=\"10\" class=\"wpcf7-form-control wpcf7-textarea\" aria-invalid=\"false\" name=\"your-message\"><\/textarea><\/span><br \/>\n<\/label>\n<\/p>\n<p><input class=\"wpcf7-form-control wpcf7-submit has-spinner clickTrackingEmail\" type=\"submit\" value=\"Enviar\" \/>\n<\/p><div class=\"wpcf7-response-output\" aria-hidden=\"true\"><\/div>\n<\/form>\n<\/div>\n<\/div><\/div><\/div><div class=\"rowItem col-md-4 col-ms-12 btTextCenter animate animate-fadein inherit\"  ><div class=\"rowItemContent\" ><\/div><\/div><\/div><\/div><\/div><\/div><\/div><\/section><\/p>\n","protected":false},"excerpt":{"rendered":"","protected":false},"author":5,"featured_media":0,"parent":0,"menu_order":0,"comment_status":"closed","ping_status":"closed","template":"","meta":{"footnotes":""},"class_list":["post-19432","page","type-page","status-publish","hentry"],"yoast_head":"<!-- This site is optimized with the Yoast SEO Premium plugin v20.3 (Yoast SEO v27.2) - https:\/\/yoast.com\/product\/yoast-seo-premium-wordpress\/ -->\n<title>Cont\u00e1ctenos - UniVida Medical Centers<\/title>\n<meta name=\"description\" content=\"\u00a1Cont\u00e1ctenos hoy! Nuestro equipo est\u00e1 disponible para responder cualquier pregunta que pueda tener sobre UniVida Medical Centers.\" \/>\n<meta name=\"robots\" content=\"index, follow, max-snippet:-1, max-image-preview:large, max-video-preview:-1\" \/>\n<link rel=\"canonical\" href=\"https:\/\/staggingunivida.unividamedicalcenters.com\/es\/contactenos\/\" \/>\n<meta property=\"og:locale\" content=\"es_ES\" \/>\n<meta property=\"og:type\" content=\"article\" \/>\n<meta property=\"og:title\" content=\"Cont\u00e1ctenos\" \/>\n<meta property=\"og:description\" content=\"\u00a1Cont\u00e1ctenos hoy! Nuestro equipo est\u00e1 disponible para responder cualquier pregunta que pueda tener sobre UniVida Medical Centers.\" \/>\n<meta property=\"og:url\" content=\"https:\/\/staggingunivida.unividamedicalcenters.com\/es\/contactenos\/\" \/>\n<meta property=\"og:site_name\" content=\"UniVida Medical Centers\" \/>\n<meta property=\"article:modified_time\" content=\"2024-08-05T18:16:53+00:00\" \/>\n<meta name=\"twitter:card\" content=\"summary_large_image\" \/>\n<meta name=\"twitter:label1\" content=\"Tiempo de lectura\" \/>\n\t<meta name=\"twitter:data1\" content=\"1 minuto\" \/>\n<script type=\"application\/ld+json\" class=\"yoast-schema-graph\">{\"@context\":\"https:\/\/schema.org\",\"@graph\":[{\"@type\":\"WebPage\",\"@id\":\"https:\/\/staggingunivida.unividamedicalcenters.com\/es\/contactenos\/\",\"url\":\"https:\/\/staggingunivida.unividamedicalcenters.com\/es\/contactenos\/\",\"name\":\"Cont\u00e1ctenos - UniVida Medical Centers\",\"isPartOf\":{\"@id\":\"https:\/\/staggingunivida.unividamedicalcenters.com\/es\/#website\"},\"datePublished\":\"2021-01-08T21:00:14+00:00\",\"dateModified\":\"2024-08-05T18:16:53+00:00\",\"description\":\"\u00a1Cont\u00e1ctenos hoy! Nuestro equipo est\u00e1 disponible para responder cualquier pregunta que pueda tener sobre UniVida Medical Centers.\",\"breadcrumb\":{\"@id\":\"https:\/\/staggingunivida.unividamedicalcenters.com\/es\/contactenos\/#breadcrumb\"},\"inLanguage\":\"es\",\"potentialAction\":[{\"@type\":\"ReadAction\",\"target\":[\"https:\/\/staggingunivida.unividamedicalcenters.com\/es\/contactenos\/\"]}]},{\"@type\":\"BreadcrumbList\",\"@id\":\"https:\/\/staggingunivida.unividamedicalcenters.com\/es\/contactenos\/#breadcrumb\",\"itemListElement\":[{\"@type\":\"ListItem\",\"position\":1,\"name\":\"Home\",\"item\":\"https:\/\/staggingunivida.unividamedicalcenters.com\/es\/\"},{\"@type\":\"ListItem\",\"position\":2,\"name\":\"Cont\u00e1ctenos\"}]},{\"@type\":\"WebSite\",\"@id\":\"https:\/\/staggingunivida.unividamedicalcenters.com\/es\/#website\",\"url\":\"https:\/\/staggingunivida.unividamedicalcenters.com\/es\/\",\"name\":\"UniVida Medical Centers\",\"description\":\"UniVida Medical Centers\",\"publisher\":{\"@id\":\"https:\/\/staggingunivida.unividamedicalcenters.com\/es\/#organization\"},\"potentialAction\":[{\"@type\":\"SearchAction\",\"target\":{\"@type\":\"EntryPoint\",\"urlTemplate\":\"https:\/\/staggingunivida.unividamedicalcenters.com\/es\/?s={search_term_string}\"},\"query-input\":{\"@type\":\"PropertyValueSpecification\",\"valueRequired\":true,\"valueName\":\"search_term_string\"}}],\"inLanguage\":\"es\"},{\"@type\":\"Organization\",\"@id\":\"https:\/\/staggingunivida.unividamedicalcenters.com\/es\/#organization\",\"name\":\"UniVida Medical Centers\",\"url\":\"https:\/\/staggingunivida.unividamedicalcenters.com\/es\/\",\"logo\":{\"@type\":\"ImageObject\",\"inLanguage\":\"es\",\"@id\":\"https:\/\/staggingunivida.unividamedicalcenters.com\/es\/#\/schema\/logo\/image\/\",\"url\":\"https:\/\/staggingunivida.unividamedicalcenters.com\/wp-content\/uploads\/2022\/09\/Univida_Logo_Email_Firma.png\",\"contentUrl\":\"https:\/\/staggingunivida.unividamedicalcenters.com\/wp-content\/uploads\/2022\/09\/Univida_Logo_Email_Firma.png\",\"width\":200,\"height\":46,\"caption\":\"UniVida Medical Centers\"},\"image\":{\"@id\":\"https:\/\/staggingunivida.unividamedicalcenters.com\/es\/#\/schema\/logo\/image\/\"}}]}<\/script>\n<!-- \/ Yoast SEO Premium plugin. -->","yoast_head_json":{"title":"Cont\u00e1ctenos - UniVida Medical Centers","description":"\u00a1Cont\u00e1ctenos hoy! Nuestro equipo est\u00e1 disponible para responder cualquier pregunta que pueda tener sobre UniVida Medical Centers.","robots":{"index":"index","follow":"follow","max-snippet":"max-snippet:-1","max-image-preview":"max-image-preview:large","max-video-preview":"max-video-preview:-1"},"canonical":"https:\/\/staggingunivida.unividamedicalcenters.com\/es\/contactenos\/","og_locale":"es_ES","og_type":"article","og_title":"Cont\u00e1ctenos","og_description":"\u00a1Cont\u00e1ctenos hoy! Nuestro equipo est\u00e1 disponible para responder cualquier pregunta que pueda tener sobre UniVida Medical Centers.","og_url":"https:\/\/staggingunivida.unividamedicalcenters.com\/es\/contactenos\/","og_site_name":"UniVida Medical Centers","article_modified_time":"2024-08-05T18:16:53+00:00","twitter_card":"summary_large_image","twitter_misc":{"Tiempo de lectura":"1 minuto"},"schema":{"@context":"https:\/\/schema.org","@graph":[{"@type":"WebPage","@id":"https:\/\/staggingunivida.unividamedicalcenters.com\/es\/contactenos\/","url":"https:\/\/staggingunivida.unividamedicalcenters.com\/es\/contactenos\/","name":"Cont\u00e1ctenos - UniVida Medical Centers","isPartOf":{"@id":"https:\/\/staggingunivida.unividamedicalcenters.com\/es\/#website"},"datePublished":"2021-01-08T21:00:14+00:00","dateModified":"2024-08-05T18:16:53+00:00","description":"\u00a1Cont\u00e1ctenos hoy! Nuestro equipo est\u00e1 disponible para responder cualquier pregunta que pueda tener sobre UniVida Medical Centers.","breadcrumb":{"@id":"https:\/\/staggingunivida.unividamedicalcenters.com\/es\/contactenos\/#breadcrumb"},"inLanguage":"es","potentialAction":[{"@type":"ReadAction","target":["https:\/\/staggingunivida.unividamedicalcenters.com\/es\/contactenos\/"]}]},{"@type":"BreadcrumbList","@id":"https:\/\/staggingunivida.unividamedicalcenters.com\/es\/contactenos\/#breadcrumb","itemListElement":[{"@type":"ListItem","position":1,"name":"Home","item":"https:\/\/staggingunivida.unividamedicalcenters.com\/es\/"},{"@type":"ListItem","position":2,"name":"Cont\u00e1ctenos"}]},{"@type":"WebSite","@id":"https:\/\/staggingunivida.unividamedicalcenters.com\/es\/#website","url":"https:\/\/staggingunivida.unividamedicalcenters.com\/es\/","name":"UniVida Medical Centers","description":"UniVida Medical Centers","publisher":{"@id":"https:\/\/staggingunivida.unividamedicalcenters.com\/es\/#organization"},"potentialAction":[{"@type":"SearchAction","target":{"@type":"EntryPoint","urlTemplate":"https:\/\/staggingunivida.unividamedicalcenters.com\/es\/?s={search_term_string}"},"query-input":{"@type":"PropertyValueSpecification","valueRequired":true,"valueName":"search_term_string"}}],"inLanguage":"es"},{"@type":"Organization","@id":"https:\/\/staggingunivida.unividamedicalcenters.com\/es\/#organization","name":"UniVida Medical Centers","url":"https:\/\/staggingunivida.unividamedicalcenters.com\/es\/","logo":{"@type":"ImageObject","inLanguage":"es","@id":"https:\/\/staggingunivida.unividamedicalcenters.com\/es\/#\/schema\/logo\/image\/","url":"https:\/\/staggingunivida.unividamedicalcenters.com\/wp-content\/uploads\/2022\/09\/Univida_Logo_Email_Firma.png","contentUrl":"https:\/\/staggingunivida.unividamedicalcenters.com\/wp-content\/uploads\/2022\/09\/Univida_Logo_Email_Firma.png","width":200,"height":46,"caption":"UniVida Medical Centers"},"image":{"@id":"https:\/\/staggingunivida.unividamedicalcenters.com\/es\/#\/schema\/logo\/image\/"}}]}},"_links":{"self":[{"href":"https:\/\/staggingunivida.unividamedicalcenters.com\/es\/wp-json\/wp\/v2\/pages\/19432","targetHints":{"allow":["GET"]}}],"collection":[{"href":"https:\/\/staggingunivida.unividamedicalcenters.com\/es\/wp-json\/wp\/v2\/pages"}],"about":[{"href":"https:\/\/staggingunivida.unividamedicalcenters.com\/es\/wp-json\/wp\/v2\/types\/page"}],"author":[{"embeddable":true,"href":"https:\/\/staggingunivida.unividamedicalcenters.com\/es\/wp-json\/wp\/v2\/users\/5"}],"replies":[{"embeddable":true,"href":"https:\/\/staggingunivida.unividamedicalcenters.com\/es\/wp-json\/wp\/v2\/comments?post=19432"}],"version-history":[{"count":0,"href":"https:\/\/staggingunivida.unividamedicalcenters.com\/es\/wp-json\/wp\/v2\/pages\/19432\/revisions"}],"wp:attachment":[{"href":"https:\/\/staggingunivida.unividamedicalcenters.com\/es\/wp-json\/wp\/v2\/media?parent=19432"}],"curies":[{"name":"wp","href":"https:\/\/api.w.org\/{rel}","templated":true}]}}