{"id":23347,"date":"2021-01-05T15:59:09","date_gmt":"2021-01-05T15:59:09","guid":{"rendered":"https:\/\/www.unividamedicalcenters.com\/?page_id=23347"},"modified":"2025-02-10T21:52:33","modified_gmt":"2025-02-10T21:52:33","slug":"politica-de-privacidad","status":"publish","type":"page","link":"https:\/\/staggingunivida.unividamedicalcenters.com\/es\/politica-de-privacidad\/","title":{"rendered":"Pol\u00edtica de Privacidad"},"content":{"rendered":"<p><section id=\"bt_section69ece75647757\"  class=\"boldSection btDivider topExtraSmallSpaced bottomExtraSmallSpaced btDarkSkin gutter inherit btAccentColorBackground\" style=\"background-color:#3071BF;\"><div class=\"port\"><div class=\"boldCell\"><div class=\"boldCellInner\"><div class=\"boldRow  \" ><div class=\"boldRowInner\"><div class=\"rowItem col-md-12 col-ms-12  btTextLeft animate animate-fadein animate-moveleft inherit\"  ><div class=\"rowItemContent\" ><h1 style=\"font-size: 35px;margin: 0 0 0px;\n    letter-spacing: 0;\"><span>Pol\u00edtica de privacidad<\/span><\/h1><\/div><\/div><\/div><\/div><\/div><\/div><\/div><\/section><section id=\"bt_section69ece756478f6\"  class=\"boldSection topSemiSpaced gutter inherit sectionPolicyPrivacy\" ><div class=\"port\"><div class=\"boldCell\"><div class=\"boldCellInner\"><div class=\"boldRow  \" ><div class=\"boldRowInner\"><div class=\"rowItem col-md-12 col-ms-12  btTextLeft animate animate-fadein animate-moveright inherit\"  ><div class=\"rowItemContent\" ><div class=\"btClear btSeparator bottomSmallSpaced noBorder\" ><hr><\/div><header class=\"header btClear medium btDash bottomDash  btAccentDash\" ><div class=\"dash\"><h3><span class=\"headline\">Introducci\u00f3n<\/span><\/h3><\/div><\/header><div class=\"servicesItem  btIcoAccentColorIcon btIcoMediumSizeIcon  \"><div class=\"sIcon\"><span class=\"btIco btIcoMediumSize btIcoDefaultType btIcoAccentColor\" ><span  data-ico-=\"&#038;#x;\" class=\"btIcoHolder\"><em><\/em><\/span><\/span><\/div><div class=\"sTxt\"><header class=\"header btClear small\" ><\/header><p>En UniVida Medical Centers, valoramos la privacidad de nuestros usuarios y nos comprometemos a proteger su informaci\u00f3n personal. Esta Pol\u00edtica de Privacidad describe c\u00f3mo recopilamos, usamos, compartimos y protegemos su informaci\u00f3n cuando visita nuestro sitio web y utiliza nuestros formularios en l\u00ednea.<\/p><\/div><\/div><\/div><\/div><\/div><\/div><div class=\"boldRow  \" ><div class=\"boldRowInner\"><div class=\"rowItem col-md-12 col-ms-12  btTextLeft animate animate-fadein animate-moveright inherit\"  ><div class=\"rowItemContent\" ><div class=\"btClear btSeparator bottomSmallSpaced noBorder\" ><hr><\/div><header class=\"header btClear medium btDash bottomDash  btAccentDash\" ><div class=\"dash\"><h3><span class=\"headline\">Informaci\u00f3n que recopilamos<\/span><\/h3><\/div><\/header><div class=\"servicesItem  btIcoAccentColorIcon btIcoMediumSizeIcon  \"><div class=\"sIcon\"><span class=\"btIco btIcoMediumSize btIcoDefaultType btIcoAccentColor\" ><span  data-ico-=\"&#038;#x;\" class=\"btIcoHolder\"><em><\/em><\/span><\/span><\/div><div class=\"sTxt\"><header class=\"header btClear small\" ><\/header><p>Recopilamos informaci\u00f3n personal a trav\u00e9s de nuestros formularios web, seg\u00fan el prop\u00f3sito espec\u00edfico:<br\/>-Formulario de Inter\u00e9s para Pacientes: Recopilamos su nombre y n\u00famero de tel\u00e9fono para que un agente de ventas pueda contactarlo y programar una cita en uno de nuestros centros m\u00e9dicos.<br\/>-Formulario de Contacto (\u00abCont\u00e1ctenos\u00bb): Recopilamos su nombre, la raz\u00f3n de su correo y un mensaje para atender sus consultas o recomendaciones. Esta informaci\u00f3n se nos env\u00eda directamente por correo electr\u00f3nico.<br\/>-Formulario de Empleo: Recopilamos su nombre, n\u00famero de tel\u00e9fono, correo electr\u00f3nico y CV cuando aplica a nuestras vacantes disponibles.<br\/>Adem\u00e1s, cuando visita nuestro sitio web, recopilamos informaci\u00f3n sobre su interacci\u00f3n con el sitio mediante cookies y herramientas de an\u00e1lisis.<\/p><\/div><\/div><\/div><\/div><\/div><\/div><div class=\"boldRow  \" ><div class=\"boldRowInner\"><div class=\"rowItem col-md-12 col-ms-12  btTextLeft animate animate-fadein animate-moveright inherit\"  ><div class=\"rowItemContent\" ><div class=\"btClear btSeparator bottomSmallSpaced noBorder\" ><hr><\/div><header class=\"header btClear medium btDash bottomDash  btAccentDash\" ><div class=\"dash\"><h3><span class=\"headline\">C\u00f3mo usamos su informaci\u00f3n<\/span><\/h3><\/div><\/header><div class=\"servicesItem  btIcoAccentColorIcon btIcoMediumSizeIcon  \"><div class=\"sIcon\"><span class=\"btIco btIcoMediumSize btIcoDefaultType btIcoAccentColor\" ><span  data-ico-=\"&#038;#x;\" class=\"btIcoHolder\"><em><\/em><\/span><\/span><\/div><div class=\"sTxt\"><header class=\"header btClear small\" ><\/header><p>Utilizamos la informaci\u00f3n recopilada para los siguientes prop\u00f3sitos:<br\/>-Contactarlo en respuesta a su solicitud de informaci\u00f3n o para programar una cita m\u00e9dica.<br\/>-Gestionar y responder consultas enviadas a trav\u00e9s del formulario de contacto.<br\/>-Evaluar su perfil si aplica a una vacante de empleo en nuestra empresa.<br\/>-Mejorar nuestro sitio web y la experiencia del usuario a trav\u00e9s de herramientas anal\u00edticas.<br\/>No vendemos ni compartimos su informaci\u00f3n con terceros para fines de marketing independientes.<\/p><\/div><\/div><\/div><\/div><\/div><\/div><div class=\"boldRow  \" ><div class=\"boldRowInner\"><div class=\"rowItem col-md-12 col-ms-12  btTextLeft animate animate-fadein animate-moveright inherit\"  ><div class=\"rowItemContent\" ><div class=\"btClear btSeparator bottomSmallSpaced noBorder\" ><hr><\/div><header class=\"header btClear medium btDash bottomDash  btAccentDash\" ><div class=\"dash\"><h3><span class=\"headline\">Uso de cookies y tecnolog\u00edas similares<\/span><\/h3><\/div><\/header><div class=\"servicesItem  btIcoAccentColorIcon btIcoMediumSizeIcon  \"><div class=\"sIcon\"><span class=\"btIco btIcoMediumSize btIcoDefaultType btIcoAccentColor\" ><span  data-ico-=\"&#038;#x;\" class=\"btIcoHolder\"><em><\/em><\/span><\/span><\/div><div class=\"sTxt\"><header class=\"header btClear small\" ><\/header><p>Nuestro sitio web utiliza cookies y tecnolog\u00edas similares para mejorar su experiencia. Tambi\u00e9n empleamos Google Analytics para analizar c\u00f3mo los usuarios interact\u00faan con nuestro sitio. Estas cookies recopilan informaci\u00f3n de manera an\u00f3nima y no incluyen datos personales identificables.<br\/>Puede administrar sus preferencias de cookies desde la configuraci\u00f3n de su navegador.<\/p><\/div><\/div><\/div><\/div><\/div><\/div><div class=\"boldRow  \" ><div class=\"boldRowInner\"><div class=\"rowItem col-md-12 col-ms-12  btTextLeft animate animate-fadein animate-moveright inherit\"  ><div class=\"rowItemContent\" ><div class=\"btClear btSeparator bottomSmallSpaced noBorder\" ><hr><\/div><header class=\"header btClear medium btDash bottomDash  btAccentDash\" ><div class=\"dash\"><h3><span class=\"headline\">Seguridad y protecci\u00f3n de datos<\/span><\/h3><\/div><\/header><div class=\"servicesItem  btIcoAccentColorIcon btIcoMediumSizeIcon  \"><div class=\"sIcon\"><span class=\"btIco btIcoMediumSize btIcoDefaultType btIcoAccentColor\" ><span  data-ico-=\"&#038;#x;\" class=\"btIcoHolder\"><em><\/em><\/span><\/span><\/div><div class=\"sTxt\"><header class=\"header btClear small\" ><\/header><p>Nuestro sitio web utiliza cookies y tecnolog\u00edas similares para mejorar su experiencia. Tambi\u00e9n empleamos Google Analytics para analizar c\u00f3mo los usuarios interact\u00faan con nuestro sitio. Estas cookies recopilan informaci\u00f3n de manera an\u00f3nima y no incluyen datos personales identificables.<br\/>Puede administrar sus preferencias de cookies desde la configuraci\u00f3n de su navegador.<\/p><\/div><\/div><\/div><\/div><\/div><\/div><div class=\"boldRow  \" ><div class=\"boldRowInner\"><div class=\"rowItem col-md-12 col-ms-12  btTextLeft animate animate-fadein animate-moveright inherit\"  ><div class=\"rowItemContent\" ><div class=\"btClear btSeparator bottomSmallSpaced noBorder\" ><hr><\/div><header class=\"header btClear medium btDash bottomDash  btAccentDash\" ><div class=\"dash\"><h3><span class=\"headline\">Retenci\u00f3n de datos<\/span><\/h3><\/div><\/header><div class=\"servicesItem  btIcoAccentColorIcon btIcoMediumSizeIcon  \"><div class=\"sIcon\"><span class=\"btIco btIcoMediumSize btIcoDefaultType btIcoAccentColor\" ><span  data-ico-=\"&#038;#x;\" class=\"btIcoHolder\"><em><\/em><\/span><\/span><\/div><div class=\"sTxt\"><header class=\"header btClear small\" ><\/header><p>Conservamos su informaci\u00f3n solo durante el tiempo necesario para cumplir con los prop\u00f3sitos mencionados o seg\u00fan lo exija la ley.<\/p><\/div><\/div><\/div><\/div><\/div><\/div><div class=\"boldRow  \" ><div class=\"boldRowInner\"><div class=\"rowItem col-md-12 col-ms-12  btTextLeft animate animate-fadein animate-moveright inherit\"  ><div class=\"rowItemContent\" ><div class=\"btClear btSeparator bottomSmallSpaced noBorder\" ><hr><\/div><header class=\"header btClear medium btDash bottomDash  btAccentDash\" ><div class=\"dash\"><h3><span class=\"headline\">Sus derechos y opciones<\/span><\/h3><\/div><\/header><div class=\"servicesItem  btIcoAccentColorIcon btIcoMediumSizeIcon  \"><div class=\"sIcon\"><span class=\"btIco btIcoMediumSize btIcoDefaultType btIcoAccentColor\" ><span  data-ico-=\"&#038;#x;\" class=\"btIcoHolder\"><em><\/em><\/span><\/span><\/div><div class=\"sTxt\"><header class=\"header btClear small\" ><\/header><p>Dependiendo de su jurisdicci\u00f3n, usted puede tener derechos sobre su informaci\u00f3n, incluyendo:<br\/><br\/>Acceder a sus datos personales y solicitar correcciones.<br\/>Solicitar la eliminaci\u00f3n de sus datos cuando ya no sean necesarios.<br\/>Retirar su consentimiento para el procesamiento de datos en cualquier momento.<br\/>Para ejercer estos derechos, puede contactarnos utilizando la informaci\u00f3n proporcionada en la siguiente secci\u00f3n.<\/p><\/div><\/div><\/div><\/div><\/div><\/div><div class=\"boldRow  \" ><div class=\"boldRowInner\"><div class=\"rowItem col-md-12 col-ms-12  btTextLeft animate animate-fadein animate-moveright inherit\"  ><div class=\"rowItemContent\" ><div class=\"btClear btSeparator bottomSmallSpaced noBorder\" ><hr><\/div><header class=\"header btClear medium btDash bottomDash  btAccentDash\" ><div class=\"dash\"><h3><span class=\"headline\">Informaci\u00f3n de contacto<\/span><\/h3><\/div><\/header><div class=\"servicesItem  btIcoAccentColorIcon btIcoMediumSizeIcon  \"><div class=\"sIcon\"><span class=\"btIco btIcoMediumSize btIcoDefaultType btIcoAccentColor\" ><span  data-ico-=\"&#038;#x;\" class=\"btIcoHolder\"><em><\/em><\/span><\/span><\/div><div class=\"sTxt\"><header class=\"header btClear small\" ><\/header><p>Si tiene preguntas sobre nuestra Pol\u00edtica de Privacidad o desea ejercer sus derechos, puede comunicarse con nosotros a trav\u00e9s de:<br\/> -Correo electr\u00f3nico: info@unividamedicalcenters.com<br\/> -Direcci\u00f3n: UniVida Medical Centers, 860 Nw 42nd Ave. Floor 5 Miami FL 33126<br\/> -Tel\u00e9fono: (305) 990-2041<\/p><\/div><\/div><\/div><\/div><\/div><\/div><div class=\"boldRow  \" ><div class=\"boldRowInner\"><div class=\"rowItem col-md-12 col-ms-12  btTextLeft animate animate-fadein animate-moveright inherit\"  ><div class=\"rowItemContent\" ><div class=\"btClear btSeparator bottomSmallSpaced noBorder\" ><hr><\/div><header class=\"header btClear medium btDash bottomDash  btAccentDash\" ><div class=\"dash\"><h3><span class=\"headline\">Cambios en esta pol\u00edtica<\/span><\/h3><\/div><\/header><div class=\"servicesItem  btIcoAccentColorIcon btIcoMediumSizeIcon  \"><div class=\"sIcon\"><span class=\"btIco btIcoMediumSize btIcoDefaultType btIcoAccentColor\" ><span  data-ico-=\"&#038;#x;\" class=\"btIcoHolder\"><em><\/em><\/span><\/span><\/div><div class=\"sTxt\"><header class=\"header btClear small\" ><\/header><p>Podemos actualizar esta Pol\u00edtica de Privacidad peri\u00f3dicamente. Cualquier cambio ser\u00e1 publicado en esta p\u00e1gina con la fecha de actualizaci\u00f3n correspondiente.<\/p><\/div><\/div><\/div><\/div><\/div><\/div><\/div><\/div><\/div><\/section><\/p>\n","protected":false},"excerpt":{"rendered":"","protected":false},"author":5,"featured_media":0,"parent":0,"menu_order":0,"comment_status":"closed","ping_status":"open","template":"","meta":{"footnotes":""},"class_list":["post-23347","page","type-page","status-publish","hentry"],"yoast_head":"<!-- This site is optimized with the Yoast SEO Premium plugin v20.3 (Yoast SEO v27.2) - https:\/\/yoast.com\/product\/yoast-seo-premium-wordpress\/ -->\n<title>Pol\u00edtica de Privacidad - UniVida Medical Centers<\/title>\n<meta name=\"description\" content=\"En UniVida, valoramos la privacidad de nuestros usuarios y nos comprometemos a proteger su informaci\u00f3n personal.\" \/>\n<meta name=\"robots\" content=\"index, follow, max-snippet:-1, max-image-preview:large, max-video-preview:-1\" \/>\n<link rel=\"canonical\" href=\"https:\/\/staggingunivida.unividamedicalcenters.com\/es\/politica-de-privacidad\/\" \/>\n<meta property=\"og:locale\" content=\"es_ES\" \/>\n<meta property=\"og:type\" content=\"article\" \/>\n<meta property=\"og:title\" content=\"Pol\u00edtica de Privacidad\" \/>\n<meta property=\"og:description\" content=\"En UniVida, valoramos la privacidad de nuestros usuarios y nos comprometemos a proteger su informaci\u00f3n personal.\" \/>\n<meta property=\"og:url\" content=\"https:\/\/staggingunivida.unividamedicalcenters.com\/es\/politica-de-privacidad\/\" \/>\n<meta property=\"og:site_name\" content=\"UniVida Medical Centers\" \/>\n<meta property=\"article:modified_time\" content=\"2025-02-10T21:52:33+00:00\" \/>\n<meta name=\"twitter:card\" content=\"summary_large_image\" \/>\n<meta name=\"twitter:label1\" content=\"Tiempo de lectura\" \/>\n\t<meta name=\"twitter:data1\" content=\"3 minutos\" \/>\n<script type=\"application\/ld+json\" class=\"yoast-schema-graph\">{\"@context\":\"https:\/\/schema.org\",\"@graph\":[{\"@type\":\"WebPage\",\"@id\":\"https:\/\/staggingunivida.unividamedicalcenters.com\/es\/politica-de-privacidad\/\",\"url\":\"https:\/\/staggingunivida.unividamedicalcenters.com\/es\/politica-de-privacidad\/\",\"name\":\"Pol\u00edtica de Privacidad - UniVida Medical Centers\",\"isPartOf\":{\"@id\":\"https:\/\/staggingunivida.unividamedicalcenters.com\/es\/#website\"},\"datePublished\":\"2021-01-05T15:59:09+00:00\",\"dateModified\":\"2025-02-10T21:52:33+00:00\",\"description\":\"En UniVida, valoramos la privacidad de nuestros usuarios y nos comprometemos a proteger su informaci\u00f3n personal.\",\"breadcrumb\":{\"@id\":\"https:\/\/staggingunivida.unividamedicalcenters.com\/es\/politica-de-privacidad\/#breadcrumb\"},\"inLanguage\":\"es\",\"potentialAction\":[{\"@type\":\"ReadAction\",\"target\":[\"https:\/\/staggingunivida.unividamedicalcenters.com\/es\/politica-de-privacidad\/\"]}]},{\"@type\":\"BreadcrumbList\",\"@id\":\"https:\/\/staggingunivida.unividamedicalcenters.com\/es\/politica-de-privacidad\/#breadcrumb\",\"itemListElement\":[{\"@type\":\"ListItem\",\"position\":1,\"name\":\"Home\",\"item\":\"https:\/\/staggingunivida.unividamedicalcenters.com\/es\/\"},{\"@type\":\"ListItem\",\"position\":2,\"name\":\"Pol\u00edtica de Privacidad\"}]},{\"@type\":\"WebSite\",\"@id\":\"https:\/\/staggingunivida.unividamedicalcenters.com\/es\/#website\",\"url\":\"https:\/\/staggingunivida.unividamedicalcenters.com\/es\/\",\"name\":\"UniVida Medical Centers\",\"description\":\"UniVida Medical Centers\",\"publisher\":{\"@id\":\"https:\/\/staggingunivida.unividamedicalcenters.com\/es\/#organization\"},\"potentialAction\":[{\"@type\":\"SearchAction\",\"target\":{\"@type\":\"EntryPoint\",\"urlTemplate\":\"https:\/\/staggingunivida.unividamedicalcenters.com\/es\/?s={search_term_string}\"},\"query-input\":{\"@type\":\"PropertyValueSpecification\",\"valueRequired\":true,\"valueName\":\"search_term_string\"}}],\"inLanguage\":\"es\"},{\"@type\":\"Organization\",\"@id\":\"https:\/\/staggingunivida.unividamedicalcenters.com\/es\/#organization\",\"name\":\"UniVida Medical Centers\",\"url\":\"https:\/\/staggingunivida.unividamedicalcenters.com\/es\/\",\"logo\":{\"@type\":\"ImageObject\",\"inLanguage\":\"es\",\"@id\":\"https:\/\/staggingunivida.unividamedicalcenters.com\/es\/#\/schema\/logo\/image\/\",\"url\":\"https:\/\/staggingunivida.unividamedicalcenters.com\/wp-content\/uploads\/2022\/09\/Univida_Logo_Email_Firma.png\",\"contentUrl\":\"https:\/\/staggingunivida.unividamedicalcenters.com\/wp-content\/uploads\/2022\/09\/Univida_Logo_Email_Firma.png\",\"width\":200,\"height\":46,\"caption\":\"UniVida Medical Centers\"},\"image\":{\"@id\":\"https:\/\/staggingunivida.unividamedicalcenters.com\/es\/#\/schema\/logo\/image\/\"}}]}<\/script>\n<!-- \/ Yoast SEO Premium plugin. -->","yoast_head_json":{"title":"Pol\u00edtica de Privacidad - UniVida Medical Centers","description":"En UniVida, valoramos la privacidad de nuestros usuarios y nos comprometemos a proteger su informaci\u00f3n personal.","robots":{"index":"index","follow":"follow","max-snippet":"max-snippet:-1","max-image-preview":"max-image-preview:large","max-video-preview":"max-video-preview:-1"},"canonical":"https:\/\/staggingunivida.unividamedicalcenters.com\/es\/politica-de-privacidad\/","og_locale":"es_ES","og_type":"article","og_title":"Pol\u00edtica de Privacidad","og_description":"En UniVida, valoramos la privacidad de nuestros usuarios y nos comprometemos a proteger su informaci\u00f3n personal.","og_url":"https:\/\/staggingunivida.unividamedicalcenters.com\/es\/politica-de-privacidad\/","og_site_name":"UniVida Medical Centers","article_modified_time":"2025-02-10T21:52:33+00:00","twitter_card":"summary_large_image","twitter_misc":{"Tiempo de lectura":"3 minutos"},"schema":{"@context":"https:\/\/schema.org","@graph":[{"@type":"WebPage","@id":"https:\/\/staggingunivida.unividamedicalcenters.com\/es\/politica-de-privacidad\/","url":"https:\/\/staggingunivida.unividamedicalcenters.com\/es\/politica-de-privacidad\/","name":"Pol\u00edtica de Privacidad - UniVida Medical Centers","isPartOf":{"@id":"https:\/\/staggingunivida.unividamedicalcenters.com\/es\/#website"},"datePublished":"2021-01-05T15:59:09+00:00","dateModified":"2025-02-10T21:52:33+00:00","description":"En UniVida, valoramos la privacidad de nuestros usuarios y nos comprometemos a proteger su informaci\u00f3n personal.","breadcrumb":{"@id":"https:\/\/staggingunivida.unividamedicalcenters.com\/es\/politica-de-privacidad\/#breadcrumb"},"inLanguage":"es","potentialAction":[{"@type":"ReadAction","target":["https:\/\/staggingunivida.unividamedicalcenters.com\/es\/politica-de-privacidad\/"]}]},{"@type":"BreadcrumbList","@id":"https:\/\/staggingunivida.unividamedicalcenters.com\/es\/politica-de-privacidad\/#breadcrumb","itemListElement":[{"@type":"ListItem","position":1,"name":"Home","item":"https:\/\/staggingunivida.unividamedicalcenters.com\/es\/"},{"@type":"ListItem","position":2,"name":"Pol\u00edtica de Privacidad"}]},{"@type":"WebSite","@id":"https:\/\/staggingunivida.unividamedicalcenters.com\/es\/#website","url":"https:\/\/staggingunivida.unividamedicalcenters.com\/es\/","name":"UniVida Medical Centers","description":"UniVida Medical Centers","publisher":{"@id":"https:\/\/staggingunivida.unividamedicalcenters.com\/es\/#organization"},"potentialAction":[{"@type":"SearchAction","target":{"@type":"EntryPoint","urlTemplate":"https:\/\/staggingunivida.unividamedicalcenters.com\/es\/?s={search_term_string}"},"query-input":{"@type":"PropertyValueSpecification","valueRequired":true,"valueName":"search_term_string"}}],"inLanguage":"es"},{"@type":"Organization","@id":"https:\/\/staggingunivida.unividamedicalcenters.com\/es\/#organization","name":"UniVida Medical Centers","url":"https:\/\/staggingunivida.unividamedicalcenters.com\/es\/","logo":{"@type":"ImageObject","inLanguage":"es","@id":"https:\/\/staggingunivida.unividamedicalcenters.com\/es\/#\/schema\/logo\/image\/","url":"https:\/\/staggingunivida.unividamedicalcenters.com\/wp-content\/uploads\/2022\/09\/Univida_Logo_Email_Firma.png","contentUrl":"https:\/\/staggingunivida.unividamedicalcenters.com\/wp-content\/uploads\/2022\/09\/Univida_Logo_Email_Firma.png","width":200,"height":46,"caption":"UniVida Medical Centers"},"image":{"@id":"https:\/\/staggingunivida.unividamedicalcenters.com\/es\/#\/schema\/logo\/image\/"}}]}},"_links":{"self":[{"href":"https:\/\/staggingunivida.unividamedicalcenters.com\/es\/wp-json\/wp\/v2\/pages\/23347","targetHints":{"allow":["GET"]}}],"collection":[{"href":"https:\/\/staggingunivida.unividamedicalcenters.com\/es\/wp-json\/wp\/v2\/pages"}],"about":[{"href":"https:\/\/staggingunivida.unividamedicalcenters.com\/es\/wp-json\/wp\/v2\/types\/page"}],"author":[{"embeddable":true,"href":"https:\/\/staggingunivida.unividamedicalcenters.com\/es\/wp-json\/wp\/v2\/users\/5"}],"replies":[{"embeddable":true,"href":"https:\/\/staggingunivida.unividamedicalcenters.com\/es\/wp-json\/wp\/v2\/comments?post=23347"}],"version-history":[{"count":0,"href":"https:\/\/staggingunivida.unividamedicalcenters.com\/es\/wp-json\/wp\/v2\/pages\/23347\/revisions"}],"wp:attachment":[{"href":"https:\/\/staggingunivida.unividamedicalcenters.com\/es\/wp-json\/wp\/v2\/media?parent=23347"}],"curies":[{"name":"wp","href":"https:\/\/api.w.org\/{rel}","templated":true}]}}